{"id":11,"date":"2020-12-23T20:20:28","date_gmt":"2020-12-23T19:20:28","guid":{"rendered":"http:\/\/essenz-von-heilung.de\/?page_id=11"},"modified":"2021-01-11T19:19:19","modified_gmt":"2021-01-11T18:19:19","slug":"home","status":"publish","type":"page","link":"https:\/\/essenz-von-heilung.de\/","title":{"rendered":"Home"},"content":{"rendered":"<p>[et_pb_section fb_built=&#8220;1&#8243; custom_padding_last_edited=&#8220;on|desktop&#8220; admin_label=&#8220;Header&#8220; _builder_version=&#8220;3.26&#8243; background_image=&#8220;http:\/\/essenz-von-heilung.de\/wp-content\/uploads\/2020\/12\/psychologist-01.jpg&#8220; parallax=&#8220;on&#8220; custom_margin=&#8220;40px|40px||40px|false|true&#8220; custom_margin_tablet=&#8220;&#8220; custom_margin_phone=&#8220;20px|20px||20px|false|true&#8220; custom_margin_last_edited=&#8220;on|desktop&#8220; custom_padding=&#8220;100px|0px|0px|||&#8220; custom_padding_tablet=&#8220;40px||||false|false&#8220; custom_padding_phone=&#8220;&#8220; border_radii_phone=&#8220;on|20px|20px|20px|20px&#8220; border_radii_last_edited=&#8220;off|desktop&#8220;][et_pb_row custom_padding_last_edited=&#8220;on|tablet&#8220; _builder_version=&#8220;3.26&#8243; background_enable_color=&#8220;off&#8220; background_image=&#8220;http:\/\/essenz-von-heilung.de\/wp-content\/uploads\/2020\/12\/psychologist-03.jpg&#8220; parallax=&#8220;on&#8220; transform_scale_tablet=&#8220;&#8220; transform_scale_phone=&#8220;&#8220; transform_scale_last_edited=&#8220;on|desktop&#8220; transform_translate=&#8220;30px|0px&#8220; transform_translate_tablet=&#8220;0px|0px&#8220; transform_translate_phone=&#8220;&#8220; transform_translate_last_edited=&#8220;on|tablet&#8220; transform_translate_linked=&#8220;off&#8220; transform_rotate_tablet=&#8220;&#8220; transform_rotate_phone=&#8220;&#8220; transform_rotate_last_edited=&#8220;on|desktop&#8220; transform_skew_tablet=&#8220;&#8220; transform_skew_phone=&#8220;&#8220; transform_skew_last_edited=&#8220;on|desktop&#8220; transform_origin_tablet=&#8220;&#8220; transform_origin_phone=&#8220;&#8220; transform_origin_last_edited=&#8220;on|desktop&#8220; transform_styles_last_edited=&#8220;on|tablet&#8220; width_tablet=&#8220;90%&#8220; width_phone=&#8220;&#8220; width_last_edited=&#8220;on|desktop&#8220; max_width=&#8220;1200px&#8220; custom_padding=&#8220;100px|60px|100px|60px|true|true&#8220; custom_padding_tablet=&#8220;60px||60px||true|true&#8220; custom_padding_phone=&#8220;40px|20px|40px|20px|true|true&#8220; transform_styles_tablet=&#8220;&#8220; transform_styles_phone=&#8220;&#8220; border_radii_phone=&#8220;off|8px|8px||&#8220; border_radii_last_edited=&#8220;off|desktop&#8220; box_shadow_style=&#8220;preset3&#8243; box_shadow_vertical=&#8220;40px&#8220; box_shadow_blur=&#8220;110px&#8220; box_shadow_spread=&#8220;0px&#8220; box_shadow_color=&#8220;rgba(9,6,38,0.62)&#8220;][et_pb_column type=&#8220;4_4&#8243; _builder_version=&#8220;3.26&#8243;][et_pb_text _builder_version=&#8220;4.7.7&#8243; text_font_size=&#8220;17px&#8220; text_line_height=&#8220;1.8em&#8220; header_font=&#8220;Taviraj||||||||&#8220; header_font_size=&#8220;60px&#8220; header_line_height=&#8220;1.2em&#8220; text_orientation=&#8220;center&#8220; max_width=&#8220;800px&#8220; max_width_last_edited=&#8220;off|desktop&#8220; module_alignment=&#8220;center&#8220; hover_enabled=&#8220;0&#8243; text_font_size_tablet=&#8220;&#8220; text_font_size_phone=&#8220;15px&#8220; text_font_size_last_edited=&#8220;on|desktop&#8220; header_font_size_tablet=&#8220;40px&#8220; header_font_size_phone=&#8220;30px&#8220; header_font_size_last_edited=&#8220;on|desktop&#8220; text_text_align=&#8220;center&#8220; sticky_enabled=&#8220;0&#8243;]<\/p>\n<h2>Herzlich Willkommen auf meiner interspirituellen Webseite!<\/h2>\n<p>Dr. Adriane Kobusch\u00a0<\/p>\n<p>[\/et_pb_text][\/et_pb_column][\/et_pb_row][\/et_pb_section][et_pb_section fb_built=&#8220;1&#8243; admin_label=&#8220;Services&#8220; _builder_version=&#8220;3.26&#8243; background_color=&#8220;rgba(0,0,0,0)&#8220; custom_margin=&#8220;|40px||40px|false|true&#8220; custom_margin_tablet=&#8220;&#8220; custom_margin_phone=&#8220;|20px||20px|false|true&#8220; custom_margin_last_edited=&#8220;on|tablet&#8220; custom_padding=&#8220;0px||140px|||&#8220;][et_pb_row _builder_version=&#8220;4.7.7&#8243; width_tablet=&#8220;&#8220; width_phone=&#8220;90%&#8220; width_last_edited=&#8220;on|desktop&#8220; custom_margin=&#8220;||||false|false&#8220; custom_padding=&#8220;0px||0px||true|&#8220;][et_pb_column type=&#8220;4_4&#8243; _builder_version=&#8220;3.26&#8243; background_color=&#8220;#ffffff&#8220; custom_padding=&#8220;64px|48px|64px|48px|true|true&#8220; custom_padding_tablet=&#8220;|50px||50px|true|true&#8220; custom_padding_phone=&#8220;20px|20px|20px|20px|true|true&#8220; custom_padding_last_edited=&#8220;on|tablet&#8220; box_shadow_style=&#8220;preset3&#8243; box_shadow_blur=&#8220;80px&#8220; box_shadow_color=&#8220;rgba(255,255,255,0.74)&#8220;][et_pb_text _builder_version=&#8220;4.7.7&#8243; text_font_size=&#8220;17px&#8220; text_line_height=&#8220;1.8em&#8220; header_2_font=&#8220;Taviraj|300|||||||&#8220; header_2_font_size=&#8220;46px&#8220; header_2_line_height=&#8220;1.2em&#8220; custom_padding=&#8220;||||false|false&#8220; custom_padding_tablet=&#8220;|30px||50px|true|false&#8220; custom_padding_phone=&#8220;|30px|||true|false&#8220; custom_padding_last_edited=&#8220;off|tablet&#8220; text_font_size_tablet=&#8220;&#8220; text_font_size_phone=&#8220;15px&#8220; text_font_size_last_edited=&#8220;on|desktop&#8220; header_2_font_size_tablet=&#8220;40px&#8220; header_2_font_size_phone=&#8220;30px&#8220; header_2_font_size_last_edited=&#8220;on|phone&#8220;]<\/p>\n<h3>Innere Weisheit im \u00e4u\u00dferen Chaos<\/h3>\n<p>Ich m\u00f6chte mit dieser Webseite Menschen darin unterst\u00fctzen, sich immer wieder ihrer inneren Weisheit zuzuwenden und sie zum Leuchten zu bringen. Das brauchen wir alle in dieser Zeit!<\/p>\n<h5>Epochenwandel<\/h5>\n<p>Die Menschheit muss gerade einen Epochenwandel bew\u00e4ltigen. Das Chaos, das wir alle gemeinsam angerichtet haben, dr\u00fcckt sich in Umweltzerst\u00f6rung mit Klimawandel, Artenschwund, Naturkatastrophen und schwindenden Ressourcen aus. Extremismus und Gewalt nehmen zu. Dies zwingt uns nun dazu, rasch und grundlegend unsere Einstellungen, Werte und Lebensweise sowohl auf pers\u00f6nlicher als auch auf politischer Ebene zu ver\u00e4ndern, wenn wir das Leben auf diesem Planeten auch f\u00fcr unsere Kinder und Kindeskinder sichern wollen.<\/p>\n<h5>Depressionen und \u00c4ngste<\/h5>\n<p>Hierzulande leben wir gl\u00fccklicherweise seit \u00fcber 70 Jahren in Sicherheit und Frieden und f\u00fcr die meisten war zunehmender Wohlstand lange selbstverst\u00e4ndlich. Im Allgemeinen sind wir nicht gewohnt mit gro\u00dfen H\u00e4rten und schnellen Ver\u00e4nderungen umzugehen. Und so ir klagen wir gerne auf hohem Niveau. Es zeigt sich denn auch, dass viele sich durch die neuen Herausforderungen verunsichert und ver\u00e4ngstigt f\u00fchlen. Nach Studienlage nehmen die Risiken f\u00fcr Depression, Angst- und Belastungsst\u00f6rungen sowie Suchtverhalten seit Jahren kontinuierlich zu.\u00a0<\/p>\n<h5>Innere Weisheit<\/h5>\n<p>Heute werden wir weniger durch Priester und Pfarrer, sondern eher durch Werbung, Medien und Politik manipuliert. Ganze Forschungsinstitute widmen sich einzig und allein der Frage, wie man Menschen durch die Beeinflussung ihres Unterbewusstseins leichter beeinflussen kann. Der Rubel muss rollen, wir sollen konsumieren und die Wirtschaft ankurbeln. Und wir tun es brav!<\/p>\n<p>Mit dieser grellen bunten Konsum- Spa\u00df und Leistungswelt \u00fcberdecken wir das wertvollste, was wir haben: unsere angeborene innere Weisheit. Sie k\u00f6nnte uns klare Orientierung und Halt geben, wenn es gel\u00e4nge, sie wieder freizulegen und zu aktivieren.<\/p>\n<p>[\/et_pb_text][\/et_pb_column][\/et_pb_row][et_pb_row custom_padding_last_edited=&#8220;on|desktop&#8220; _builder_version=&#8220;3.26.3&#8243; background_color=&#8220;#ffffff&#8220; z_index=&#8220;0&#8243; width_tablet=&#8220;90%&#8220; width_phone=&#8220;90%&#8220; width_last_edited=&#8220;on|desktop&#8220; max_width=&#8220;1200px&#8220; overflow-x=&#8220;visible&#8220; overflow-y=&#8220;visible&#8220; custom_margin=&#8220;-30px|auto||auto|false|false&#8220; custom_padding=&#8220;60px|60px|60px|90px|true|false&#8220; custom_padding_tablet=&#8220;|||60px|false|false&#8220; custom_padding_phone=&#8220;|20px||20px|false|true&#8220; box_shadow_style=&#8220;preset3&#8243; box_shadow_vertical=&#8220;40px&#8220; box_shadow_blur=&#8220;110px&#8220; box_shadow_spread=&#8220;0px&#8220; box_shadow_color=&#8220;rgba(131,146,167,0.5)&#8220; width__hover_enabled=&#8220;off&#8220;][et_pb_column type=&#8220;4_4&#8243; _builder_version=&#8220;3.26&#8243; background_color=&#8220;rgba(0,0,0,0.03)&#8220; custom_padding=&#8220;30px|30px|30px|30px|true|true&#8220;][et_pb_text ul_position=&#8220;inside&#8220; _builder_version=&#8220;4.7.7&#8243; text_font_size=&#8220;17px&#8220; text_line_height=&#8220;1.8em&#8220; ul_line_height=&#8220;1.8em&#8220; header_2_font=&#8220;Taviraj||||||||&#8220; header_2_font_size=&#8220;46px&#8220; header_2_line_height=&#8220;1.2em&#8220; header_3_font=&#8220;Taviraj|600|||||||&#8220; header_3_font_size=&#8220;30px&#8220; header_3_line_height=&#8220;1.2em&#8220; header_4_font=&#8220;Taviraj|600|||||||&#8220; header_4_font_size=&#8220;20px&#8220; header_4_line_height=&#8220;1.2em&#8220; text_orientation=&#8220;center&#8220; max_width=&#8220;100%&#8220; max_width_tablet=&#8220;100%&#8220; max_width_phone=&#8220;100%&#8220; max_width_last_edited=&#8220;off|desktop&#8220; link_option_url=&#8220;#&#8220; text_font_size_tablet=&#8220;&#8220; text_font_size_phone=&#8220;15px&#8220; text_font_size_last_edited=&#8220;on|desktop&#8220; header_2_font_size_tablet=&#8220;40px&#8220; header_2_font_size_phone=&#8220;30px&#8220; header_2_font_size_last_edited=&#8220;on|phone&#8220; header_3_font_size_tablet=&#8220;&#8220; header_3_font_size_phone=&#8220;18px&#8220; header_3_font_size_last_edited=&#8220;on|phone&#8220; text_text_align=&#8220;center&#8220;]<\/p>\n<h3>offenes Herz freier Geist<\/h3>\n<p>open heart free spirit<\/p>\n<p>\u00a0 \u00a0 \u00a0 \u00a0 \u00a0 coeur overt esprit libre<\/p>\n<p>[\/et_pb_text][\/et_pb_column][\/et_pb_row][\/et_pb_section]<\/p>\n","protected":false},"excerpt":{"rendered":"<p>Herzlich Willkommen auf meiner interspirituellen Webseite! Dr. Adriane Kobusch\u00a0 Innere Weisheit im \u00e4u\u00dferen Chaos Ich m\u00f6chte mit dieser Webseite Menschen darin unterst\u00fctzen, sich immer wieder ihrer inneren Weisheit zuzuwenden und sie zum Leuchten zu bringen. Das brauchen wir alle in dieser Zeit! Epochenwandel Die Menschheit muss gerade einen Epochenwandel bew\u00e4ltigen. Das Chaos, das wir alle [&hellip;]<\/p>\n","protected":false},"author":1,"featured_media":0,"parent":0,"menu_order":0,"comment_status":"closed","ping_status":"closed","template":"","meta":{"_et_pb_use_builder":"on","_et_pb_old_content":"","_et_gb_content_width":"","footnotes":""},"class_list":["post-11","page","type-page","status-publish","hentry"],"_links":{"self":[{"href":"https:\/\/essenz-von-heilung.de\/index.php?rest_route=\/wp\/v2\/pages\/11","targetHints":{"allow":["GET"]}}],"collection":[{"href":"https:\/\/essenz-von-heilung.de\/index.php?rest_route=\/wp\/v2\/pages"}],"about":[{"href":"https:\/\/essenz-von-heilung.de\/index.php?rest_route=\/wp\/v2\/types\/page"}],"author":[{"embeddable":true,"href":"https:\/\/essenz-von-heilung.de\/index.php?rest_route=\/wp\/v2\/users\/1"}],"replies":[{"embeddable":true,"href":"https:\/\/essenz-von-heilung.de\/index.php?rest_route=%2Fwp%2Fv2%2Fcomments&post=11"}],"version-history":[{"count":10,"href":"https:\/\/essenz-von-heilung.de\/index.php?rest_route=\/wp\/v2\/pages\/11\/revisions"}],"predecessor-version":[{"id":153,"href":"https:\/\/essenz-von-heilung.de\/index.php?rest_route=\/wp\/v2\/pages\/11\/revisions\/153"}],"wp:attachment":[{"href":"https:\/\/essenz-von-heilung.de\/index.php?rest_route=%2Fwp%2Fv2%2Fmedia&parent=11"}],"curies":[{"name":"wp","href":"https:\/\/api.w.org\/{rel}","templated":true}]}}